{"id":8839,"date":"2022-12-14T10:53:31","date_gmt":"2022-12-14T13:53:31","guid":{"rendered":"https:\/\/www.sinimplantsystem.com.br\/?page_id=8839"},"modified":"2025-09-23T09:28:20","modified_gmt":"2025-09-23T12:28:20","slug":"blog","status":"publish","type":"page","link":"https:\/\/www.sinimplantsystem.com\/es\/blog\/","title":{"rendered":"Blog S.I.N."},"content":{"rendered":"\n\n<section class=\"overflow-hidden\">\n    <div class=\"mx-auto max-w-6xl px-3.5 lg:px-0 mt-14 mb-14 flex flex-wrap md:flex-nowrap justify-between\">\n        <h1 class=\"font-aller mb-2 text-p1 uppercase\"><\/h1>\n        <form method=\"GET\" class=\"js-submit\">\n            <input type=\"hidden\" name=\"pagina\" value=\"1\">\n            <select name=\"order\" id=\"order\" class=\"text-t8 font-allerlight bg-transparent cursor-pointer py-2 leading-[1.8] outline-none\">\n                <option hidden><\/option>\n                <option class=\"\" value=\"DESC\" selected><\/option>\n                <option class=\"\" value=\"ASC\" ><\/option>\n            <\/select>\n        <\/form>\n    <\/div>\n\n            <ul class=\"mx-auto max-w-6xl px-3.5 mb-8 lg:px-0 card-post__list\">\n                            <li class='mb-4'><div class=\"card-post flex flex-col md:flex-row overflow-hidden shadow-bs2 md:shadow-none rounded md:py-4 bg-white lg:bg-transparent md:px-6 lg:hover:shadow-bs2 lg:hover:bg-white transition-shadow duration-300\">\n    <a class=\"block\" href=\"https:\/\/www.sinimplantsystem.com\/es\/blog\/sem-categoria\/medit-i600-vs-i700\/\">\n        <figure class=\"card-post__thumb w-full h-72 md:w-[17rem] md:h-[13rem] md:rounded overflow-hidden md:mr-6\">\n            <img loading=\"lazy\" decoding=\"async\" width=\"1080\" height=\"524\" src=\"https:\/\/d31hw89ycmfplm.cloudfront.net\/sites\/4\/2025\/06\/Casos-clinicos-02.png\" class=\"attachment-classx w-full h-full object-cover size-classx w-full h-full object-cover wp-post-image\" alt=\"\" srcset=\"https:\/\/d31hw89ycmfplm.cloudfront.net\/sites\/4\/2025\/06\/Casos-clinicos-02-300x146.png 300w, https:\/\/d31hw89ycmfplm.cloudfront.net\/sites\/4\/2025\/06\/Casos-clinicos-02-1024x497.png 1024w, https:\/\/d31hw89ycmfplm.cloudfront.net\/sites\/4\/2025\/06\/Casos-clinicos-02-768x373.png 768w, https:\/\/d31hw89ycmfplm.cloudfront.net\/sites\/4\/2025\/06\/Casos-clinicos-02.png 1080w\" sizes=\"auto, (max-width: 1080px) 100vw, 1080px\" \/>        <\/figure>\n    <\/a>\n    <div class=\"self-center w-full pt-4 pb-5 px-5 md:p-0\">\n                    <a class=\"mb-1 py-1 font-allerbold max-lg:underline uppercase text-gray-boulder md:text-black-cod text-p6 block md:font-brandon lg:hover:text-orange-tangerine duration-300\" href=\"https:\/\/www.sinimplantsystem.com\/es\/blog-categorias\/sem-categoria\/\">Sem categoria<\/a>\n                <a class=\"card-post__link\" href=\"https:\/\/www.sinimplantsystem.com\/es\/blog\/sem-categoria\/medit-i600-vs-i700\/\">\n            <h3 class=\"font-bold md:font-normal font-brandon uppercase text-p5 md:text-t8 mb-3 md:line-clamp-2\">Medit i600 vs i700: \u00bfCu\u00e1l es el mejor para su cl\u00ednica?<\/h3>\n            <p class=\"md:mb-3 line-clamp-2 font-aller md:font-brandonlight text-t8 md:text-t7\">\n                Cuando se trata de modernizar el consultorio odontol\u00f3gico y optimizar la atenci\u00f3n al paciente, la elecci\u00f3n del esc\u00e1ner intraoral adecuado juega un papel crucial.&nbsp; Entre las opciones disponibles en el mercado, los modelos Medit i600 y Medit i700 se destacan por la calidad, precisi\u00f3n e innovaci\u00f3n que ofrecen a dentistas y propietarios de cl\u00ednicas.&nbsp; Pero, [&hellip;]            <\/p>\n            <button class=\"card-post__cta font-aller hover:text-orange-tangerine duration-300\">                <svg class=\"hidden ml-1\" width=\"6\" height=\"8\" viewBox=\"0 0 5 8\" fill=\"none\" xmlns=\"http:\/\/www.w3.org\/2000\/svg\"><path d=\"M1 6.99902L4 3.99902L1 0.999023\" stroke=\"currentColor\" stroke-linecap=\"round\" stroke-linejoin=\"round\"><\/path><\/svg>\n            <\/button>\n        <\/a>\n    <\/div>\n<\/div>\n<\/li>\n                            <li class='mb-4'><div class=\"card-post flex flex-col md:flex-row overflow-hidden shadow-bs2 md:shadow-none rounded md:py-4 bg-white lg:bg-transparent md:px-6 lg:hover:shadow-bs2 lg:hover:bg-white transition-shadow duration-300\">\n    <a class=\"block\" href=\"https:\/\/www.sinimplantsystem.com\/es\/blog\/sem-categoria\/comparte-tu-exito-guia-practica-para-enviar-casos-clinicos-con-las-soluciones-de-s-i-n\/\">\n        <figure class=\"card-post__thumb w-full h-72 md:w-[17rem] md:h-[13rem] md:rounded overflow-hidden md:mr-6\">\n            <img loading=\"lazy\" decoding=\"async\" width=\"1080\" height=\"524\" src=\"https:\/\/d31hw89ycmfplm.cloudfront.net\/sites\/4\/2025\/06\/Casos-clinicos-02.png\" class=\"attachment-classx w-full h-full object-cover size-classx w-full h-full object-cover wp-post-image\" alt=\"\" srcset=\"https:\/\/d31hw89ycmfplm.cloudfront.net\/sites\/4\/2025\/06\/Casos-clinicos-02-300x146.png 300w, https:\/\/d31hw89ycmfplm.cloudfront.net\/sites\/4\/2025\/06\/Casos-clinicos-02-1024x497.png 1024w, https:\/\/d31hw89ycmfplm.cloudfront.net\/sites\/4\/2025\/06\/Casos-clinicos-02-768x373.png 768w, https:\/\/d31hw89ycmfplm.cloudfront.net\/sites\/4\/2025\/06\/Casos-clinicos-02.png 1080w\" sizes=\"auto, (max-width: 1080px) 100vw, 1080px\" \/>        <\/figure>\n    <\/a>\n    <div class=\"self-center w-full pt-4 pb-5 px-5 md:p-0\">\n                    <a class=\"mb-1 py-1 font-allerbold max-lg:underline uppercase text-gray-boulder md:text-black-cod text-p6 block md:font-brandon lg:hover:text-orange-tangerine duration-300\" href=\"https:\/\/www.sinimplantsystem.com\/es\/blog-categorias\/carrera\/\">Carrera<\/a>\n                <a class=\"card-post__link\" href=\"https:\/\/www.sinimplantsystem.com\/es\/blog\/sem-categoria\/comparte-tu-exito-guia-practica-para-enviar-casos-clinicos-con-las-soluciones-de-s-i-n\/\">\n            <h3 class=\"font-bold md:font-normal font-brandon uppercase text-p5 md:text-t8 mb-3 md:line-clamp-2\">Comparte tu \u00c9xito: Gu\u00eda Pr\u00e1ctica para Enviar Casos Cl\u00ednicos con las Soluciones de S.I.N.\u00a0<\/h3>\n            <p class=\"md:mb-3 line-clamp-2 font-aller md:font-brandonlight text-t8 md:text-t7\">\n                En el camino de la Odontolog\u00eda, cada caso cl\u00ednico exitoso cuenta una historia de transformaci\u00f3n \u2014 una prueba de tu experiencia y dedicaci\u00f3n. En S.I.N., creemos en el poder del intercambio de conocimiento y valoramos profundamente a los profesionales que buscan la excelencia.&nbsp; Por eso, hemos creado esta gu\u00eda completa para ayudarte a compartir tus [&hellip;]            <\/p>\n            <button class=\"card-post__cta font-aller hover:text-orange-tangerine duration-300\">                <svg class=\"hidden ml-1\" width=\"6\" height=\"8\" viewBox=\"0 0 5 8\" fill=\"none\" xmlns=\"http:\/\/www.w3.org\/2000\/svg\"><path d=\"M1 6.99902L4 3.99902L1 0.999023\" stroke=\"currentColor\" stroke-linecap=\"round\" stroke-linejoin=\"round\"><\/path><\/svg>\n            <\/button>\n        <\/a>\n    <\/div>\n<\/div>\n<\/li>\n                    <\/ul>\n\n    \n    <div class=\"mx-auto max-w-6xl px-3.5 lg:px-0 flex w-full justify-end\">\n            <\/div>\n<\/section>\n","protected":false},"excerpt":{"rendered":"","protected":false},"author":3,"featured_media":0,"parent":0,"menu_order":0,"comment_status":"closed","ping_status":"closed","template":"pagina-blog.php","meta":{"_acf_changed":false,"inline_featured_image":false,"footnotes":""},"class_list":["post-8839","page","type-page","status-publish","hentry"],"acf":[],"yoast_head":"<!-- This site is optimized with the Yoast SEO plugin v27.4 - https:\/\/yoast.com\/product\/yoast-seo-wordpress\/ -->\n<title>Innovaci\u00f3n en implantolog\u00eda: soluciones S.I.N.<\/title>\n<meta name=\"description\" content=\"Descubre c\u00f3mo S.I.N. transforma la implantolog\u00eda con tecnolog\u00eda avanzada, formaci\u00f3n exclusiva y soluciones que potencian tu pr\u00e1ctica dental.\" \/>\n<meta name=\"robots\" content=\"index, follow, max-snippet:-1, max-image-preview:large, max-video-preview:-1\" \/>\n<link rel=\"canonical\" href=\"https:\/\/www.sinimplantsystem.com\/es\/wp-json\/wp\/v2\/pages\/8839\/\" \/>\n<meta property=\"og:locale\" content=\"es_ES\" \/>\n<meta property=\"og:type\" content=\"article\" \/>\n<meta property=\"og:title\" content=\"Innovaci\u00f3n en implantolog\u00eda: soluciones S.I.N.\" \/>\n<meta property=\"og:description\" content=\"Descubre c\u00f3mo S.I.N. transforma la implantolog\u00eda con tecnolog\u00eda avanzada, formaci\u00f3n exclusiva y soluciones que potencian tu pr\u00e1ctica dental.\" \/>\n<meta property=\"og:url\" content=\"https:\/\/www.sinimplantsystem.com\/es\/blog\/\" \/>\n<meta property=\"og:site_name\" content=\"S.I.N. | Soluciones + Innovaciones = Nuevas Sonrisas\" \/>\n<meta property=\"article:modified_time\" content=\"2025-09-23T12:28:20+00:00\" \/>\n<meta name=\"twitter:card\" content=\"summary_large_image\" \/>\n<script type=\"application\/ld+json\" class=\"yoast-schema-graph\">{\"@context\":\"https:\\\/\\\/schema.org\",\"@graph\":[{\"@type\":\"WebPage\",\"@id\":\"https:\\\/\\\/www.sinimplantsystem.com\\\/es\\\/blog\\\/\",\"url\":\"https:\\\/\\\/www.sinimplantsystem.com\\\/es\\\/blog\\\/\",\"name\":\"Innovaci\u00f3n en implantolog\u00eda: soluciones S.I.N.\",\"isPartOf\":{\"@id\":\"https:\\\/\\\/www.sinimplantsystem.com\\\/es\\\/#website\"},\"datePublished\":\"2022-12-14T13:53:31+00:00\",\"dateModified\":\"2025-09-23T12:28:20+00:00\",\"description\":\"Descubre c\u00f3mo S.I.N. transforma la implantolog\u00eda con tecnolog\u00eda avanzada, formaci\u00f3n exclusiva y soluciones que potencian tu pr\u00e1ctica dental.\",\"breadcrumb\":{\"@id\":\"https:\\\/\\\/www.sinimplantsystem.com\\\/es\\\/blog\\\/#breadcrumb\"},\"inLanguage\":\"es\",\"potentialAction\":[{\"@type\":\"ReadAction\",\"target\":[\"https:\\\/\\\/www.sinimplantsystem.com\\\/es\\\/blog\\\/\"]}]},{\"@type\":\"BreadcrumbList\",\"@id\":\"https:\\\/\\\/www.sinimplantsystem.com\\\/es\\\/blog\\\/#breadcrumb\",\"itemListElement\":[{\"@type\":\"ListItem\",\"position\":1,\"name\":\"Home\",\"item\":\"https:\\\/\\\/www.sinimplantsystem.com\\\/es\\\/\"},{\"@type\":\"ListItem\",\"position\":2,\"name\":\"Blog S.I.N.\"}]},{\"@type\":\"WebSite\",\"@id\":\"https:\\\/\\\/www.sinimplantsystem.com\\\/es\\\/#website\",\"url\":\"https:\\\/\\\/www.sinimplantsystem.com\\\/es\\\/\",\"name\":\"S.I.N. | Soluciones + Innovaciones = Nuevas Sonrisas\",\"description\":\"\",\"potentialAction\":[{\"@type\":\"SearchAction\",\"target\":{\"@type\":\"EntryPoint\",\"urlTemplate\":\"https:\\\/\\\/www.sinimplantsystem.com\\\/es\\\/?s={search_term_string}\"},\"query-input\":{\"@type\":\"PropertyValueSpecification\",\"valueRequired\":true,\"valueName\":\"search_term_string\"}}],\"inLanguage\":\"es\"}]}<\/script>\n<!-- \/ Yoast SEO plugin. -->","yoast_head_json":{"title":"Innovaci\u00f3n en implantolog\u00eda: soluciones S.I.N.","description":"Descubre c\u00f3mo S.I.N. transforma la implantolog\u00eda con tecnolog\u00eda avanzada, formaci\u00f3n exclusiva y soluciones que potencian tu pr\u00e1ctica dental.","robots":{"index":"index","follow":"follow","max-snippet":"max-snippet:-1","max-image-preview":"max-image-preview:large","max-video-preview":"max-video-preview:-1"},"canonical":"https:\/\/www.sinimplantsystem.com\/es\/wp-json\/wp\/v2\/pages\/8839\/","og_locale":"es_ES","og_type":"article","og_title":"Innovaci\u00f3n en implantolog\u00eda: soluciones S.I.N.","og_description":"Descubre c\u00f3mo S.I.N. transforma la implantolog\u00eda con tecnolog\u00eda avanzada, formaci\u00f3n exclusiva y soluciones que potencian tu pr\u00e1ctica dental.","og_url":"https:\/\/www.sinimplantsystem.com\/es\/blog\/","og_site_name":"S.I.N. | Soluciones + Innovaciones = Nuevas Sonrisas","article_modified_time":"2025-09-23T12:28:20+00:00","twitter_card":"summary_large_image","schema":{"@context":"https:\/\/schema.org","@graph":[{"@type":"WebPage","@id":"https:\/\/www.sinimplantsystem.com\/es\/blog\/","url":"https:\/\/www.sinimplantsystem.com\/es\/blog\/","name":"Innovaci\u00f3n en implantolog\u00eda: soluciones S.I.N.","isPartOf":{"@id":"https:\/\/www.sinimplantsystem.com\/es\/#website"},"datePublished":"2022-12-14T13:53:31+00:00","dateModified":"2025-09-23T12:28:20+00:00","description":"Descubre c\u00f3mo S.I.N. transforma la implantolog\u00eda con tecnolog\u00eda avanzada, formaci\u00f3n exclusiva y soluciones que potencian tu pr\u00e1ctica dental.","breadcrumb":{"@id":"https:\/\/www.sinimplantsystem.com\/es\/blog\/#breadcrumb"},"inLanguage":"es","potentialAction":[{"@type":"ReadAction","target":["https:\/\/www.sinimplantsystem.com\/es\/blog\/"]}]},{"@type":"BreadcrumbList","@id":"https:\/\/www.sinimplantsystem.com\/es\/blog\/#breadcrumb","itemListElement":[{"@type":"ListItem","position":1,"name":"Home","item":"https:\/\/www.sinimplantsystem.com\/es\/"},{"@type":"ListItem","position":2,"name":"Blog S.I.N."}]},{"@type":"WebSite","@id":"https:\/\/www.sinimplantsystem.com\/es\/#website","url":"https:\/\/www.sinimplantsystem.com\/es\/","name":"S.I.N. | Soluciones + Innovaciones = Nuevas Sonrisas","description":"","potentialAction":[{"@type":"SearchAction","target":{"@type":"EntryPoint","urlTemplate":"https:\/\/www.sinimplantsystem.com\/es\/?s={search_term_string}"},"query-input":{"@type":"PropertyValueSpecification","valueRequired":true,"valueName":"search_term_string"}}],"inLanguage":"es"}]}},"_links":{"self":[{"href":"https:\/\/www.sinimplantsystem.com\/es\/wp-json\/wp\/v2\/pages\/8839","targetHints":{"allow":["GET"]}}],"collection":[{"href":"https:\/\/www.sinimplantsystem.com\/es\/wp-json\/wp\/v2\/pages"}],"about":[{"href":"https:\/\/www.sinimplantsystem.com\/es\/wp-json\/wp\/v2\/types\/page"}],"author":[{"embeddable":true,"href":"https:\/\/www.sinimplantsystem.com\/es\/wp-json\/wp\/v2\/users\/3"}],"replies":[{"embeddable":true,"href":"https:\/\/www.sinimplantsystem.com\/es\/wp-json\/wp\/v2\/comments?post=8839"}],"version-history":[{"count":11,"href":"https:\/\/www.sinimplantsystem.com\/es\/wp-json\/wp\/v2\/pages\/8839\/revisions"}],"predecessor-version":[{"id":26818,"href":"https:\/\/www.sinimplantsystem.com\/es\/wp-json\/wp\/v2\/pages\/8839\/revisions\/26818"}],"wp:attachment":[{"href":"https:\/\/www.sinimplantsystem.com\/es\/wp-json\/wp\/v2\/media?parent=8839"}],"curies":[{"name":"wp","href":"https:\/\/api.w.org\/{rel}","templated":true}]}}