{"id":8600,"date":"2022-11-01T15:02:22","date_gmt":"2022-11-01T18:02:22","guid":{"rendered":"https:\/\/www.sinimplantsystem.com.br\/?page_id=8600"},"modified":"2024-07-23T11:09:57","modified_gmt":"2024-07-23T14:09:57","slug":"manifesto","status":"publish","type":"page","link":"https:\/\/www.sinimplantsystem.com\/es\/manifesto\/","title":{"rendered":"Manifesto"},"content":{"rendered":"<pre class=\"hidden\">h2text-whiteh2<\/pre>\n\n    <article class=\"relative block w-full h-auto overflow-hidden box-border pl-0 pr-0\">\n                            <figure class=\"w-full h-full relative\">\n                \n                <img decoding=\"async\" class=\"hidden md:block w-full\" src=\"https:\/\/d31hw89ycmfplm.cloudfront.net\/2023\/06\/banner-manifesto.jpg\" alt=\"\">\n                \n                            <\/figure>\n                        <button class=\"-js-banner-btn absolute md:hidden w-[70px] bottom-4 left-[calc(50%-35px)] animate-bounce\">\n            <svg width=\"70\" height=\"70\" viewBox=\"0 0 70 70\" fill=\"none\" xmlns=\"http:\/\/www.w3.org\/2000\/svg\"><g filter=\"url(#filter0_i_3_226)\"><circle cx=\"35\" cy=\"35\" r=\"35\" fill=\"black\" fill-opacity=\"0.32\"\/><\/g><path d=\"M55 31L34 47L13 31\" stroke=\"white\" stroke-width=\"4\" stroke-linecap=\"round\" stroke-linejoin=\"round\"\/><defs><filter id=\"filter0_i_3_226\" x=\"0\" y=\"0\" width=\"70\" height=\"74\" filterUnits=\"userSpaceOnUse\" color-interpolation-filters=\"sRGB\"><feFlood flood-opacity=\"0\" result=\"BackgroundImageFix\"\/><feBlend mode=\"normal\" in=\"SourceGraphic\" in2=\"BackgroundImageFix\" result=\"shape\"\/><feColorMatrix in=\"SourceAlpha\" type=\"matrix\" values=\"0 0 0 0 0 0 0 0 0 0 0 0 0 0 0 0 0 0 127 0\" result=\"hardAlpha\"\/><feOffset dy=\"4\"\/><feGaussianBlur stdDeviation=\"3.5\"\/><feComposite in2=\"hardAlpha\" operator=\"arithmetic\" k2=\"-1\" k3=\"1\"\/><feColorMatrix type=\"matrix\" values=\"0 0 0 0 0 0 0 0 0 0 0 0 0 0 0 0 0 0 0.25 0\"\/><feBlend mode=\"normal\" in2=\"shape\" result=\"effect1_innerShadow_3_226\"\/><\/filter><\/defs><\/svg>        <\/button>\n    <\/article>\n\n\n\n<h1 class=\"wp-block-heading\"><strong>SONRISAS QUE GENERAN NUESTRA MEJOR VERSI\u00d3N<\/strong><\/h1>\n\n\n\n<p>Creemos que la felicidad cuando compartida se transforma en algo memorable. Y a trav\u00e9s de esta que podemos expresar, de forma sincera, el cari\u00f1o y afecto, \u00a1adem\u00e1s de poseer el s\u00faper poder de contagiar y multiplicarse!<\/p>\n\n\n\n<p>Reforzamos nuestro posicionamiento \u2018\u2019Human to Human\u2019\u2019, con el inicio del ciclo de sonrisas en la f\u00e1brica por medio de los Colaboradores y con la misi\u00f3n de propagar entre nuestros Aliados y Pacientes.<\/p>\n\n\n\n<p>Esta es nuestra filosof\u00eda, buscamos cada vez m\u00e1s conectarnos a trav\u00e9s de este prop\u00f3sito para que se generen nuevas sonrisas cada d\u00eda y usted es el principal agente de transformaci\u00f3n de esta operaci\u00f3n.<\/p>\n\n\n\n<h1 class=\"wp-block-heading\"><strong>#SonrisasQueGeneranSonrisas<\/strong><\/h1>\n\n\n\n<p class=\"has-white-color has-text-color\">&amp;nbsp;<\/p>\n\n\n\n            <section>\n            <div class=\"hidden md:block w-full md:h-screen relative\"> \n                <div class=\"-js-video-btn absolute top-0 left-0 w-full h-full z-10 flex justify-center items-center bg-black\/20 cursor-pointer\" data-action=\"-js-video-1496\">\n                    <i class=\"indent-[-9999px]\">\n                        Play\/Pause\n                        <svg width=\"89\" height=\"89\" viewBox=\"0 0 89 89\" fill=\"none\" xmlns=\"http:\/\/www.w3.org\/2000\/svg\"><g filter=\"url(#filter0_d_102_616)\"><path d=\"M34.5 58.479L58.5 40.479L34.5 22.479V58.479ZM42.5 0.479004C20.42 0.479004 2.5 18.399 2.5 40.479C2.5 62.559 20.42 80.479 42.5 80.479C64.58 80.479 82.5 62.559 82.5 40.479C82.5 18.399 64.58 0.479004 42.5 0.479004ZM42.5 72.479C24.86 72.479 10.5 58.119 10.5 40.479C10.5 22.839 24.86 8.479 42.5 8.479C60.14 8.479 74.5 22.839 74.5 40.479C74.5 58.119 60.14 72.479 42.5 72.479Z\" fill=\"white\"\/><\/g><defs><filter id=\"filter0_d_102_616\" x=\"0.5\" y=\"0.479004\" width=\"88\" height=\"88\" filterUnits=\"userSpaceOnUse\" color-interpolation-filters=\"sRGB\"><feFlood flood-opacity=\"0\" result=\"BackgroundImageFix\"\/><feColorMatrix in=\"SourceAlpha\" type=\"matrix\" values=\"0 0 0 0 0 0 0 0 0 0 0 0 0 0 0 0 0 0 127 0\" result=\"hardAlpha\"\/><feOffset dx=\"2\" dy=\"4\"\/><feGaussianBlur stdDeviation=\"2\"\/><feComposite in2=\"hardAlpha\" operator=\"out\"\/><feColorMatrix type=\"matrix\" values=\"0 0 0 0 0 0 0 0 0 0 0 0 0 0 0 0 0 0 0.5 0\"\/><feBlend mode=\"normal\" in2=\"BackgroundImageFix\" result=\"effect1_dropShadow_102_616\"\/><feBlend mode=\"normal\" in=\"SourceGraphic\" in2=\"effect1_dropShadow_102_616\" result=\"shape\"\/><\/filter><\/defs><\/svg>                    <\/i> \n                <\/div>\n                <video class=\" w-full h-full object-cover -js-video-control\" id=\"-js-video-1496\" class=\"-js-action-video\" width=\"100%\" >\n                                                                <source src=\"https:\/\/d31hw89ycmfplm.cloudfront.net\/2023\/02\/Espanol-_-Reshape-the-future-with-a-smile-S.I.N.-Implant-System.mp4\" type=\"video\/mp4\">\n                                                        <\/video>\n            <\/div>\n    \n            <div class=\"md:hidden w-full h-screen relative\"> \n                <div class=\"-js-video-mobile-btn absolute top-0 left-0 w-full h-full z-10 flex justify-center items-center bg-black\/20 cursor-pointer\" data-action=\"-js-video-mobile-1496\">\n                    <i class=\"indent-[-9999px]\">\n                        Play\/Pause\n                        <svg width=\"89\" height=\"89\" viewBox=\"0 0 89 89\" fill=\"none\" xmlns=\"http:\/\/www.w3.org\/2000\/svg\"><g filter=\"url(#filter0_d_102_616)\"><path d=\"M34.5 58.479L58.5 40.479L34.5 22.479V58.479ZM42.5 0.479004C20.42 0.479004 2.5 18.399 2.5 40.479C2.5 62.559 20.42 80.479 42.5 80.479C64.58 80.479 82.5 62.559 82.5 40.479C82.5 18.399 64.58 0.479004 42.5 0.479004ZM42.5 72.479C24.86 72.479 10.5 58.119 10.5 40.479C10.5 22.839 24.86 8.479 42.5 8.479C60.14 8.479 74.5 22.839 74.5 40.479C74.5 58.119 60.14 72.479 42.5 72.479Z\" fill=\"white\"\/><\/g><defs><filter id=\"filter0_d_102_616\" x=\"0.5\" y=\"0.479004\" width=\"88\" height=\"88\" filterUnits=\"userSpaceOnUse\" color-interpolation-filters=\"sRGB\"><feFlood flood-opacity=\"0\" result=\"BackgroundImageFix\"\/><feColorMatrix in=\"SourceAlpha\" type=\"matrix\" values=\"0 0 0 0 0 0 0 0 0 0 0 0 0 0 0 0 0 0 127 0\" result=\"hardAlpha\"\/><feOffset dx=\"2\" dy=\"4\"\/><feGaussianBlur stdDeviation=\"2\"\/><feComposite in2=\"hardAlpha\" operator=\"out\"\/><feColorMatrix type=\"matrix\" values=\"0 0 0 0 0 0 0 0 0 0 0 0 0 0 0 0 0 0 0.5 0\"\/><feBlend mode=\"normal\" in2=\"BackgroundImageFix\" result=\"effect1_dropShadow_102_616\"\/><feBlend mode=\"normal\" in=\"SourceGraphic\" in2=\"effect1_dropShadow_102_616\" result=\"shape\"\/><\/filter><\/defs><\/svg>                    <\/i> \n                <\/div>\n                <video class=\"w-full h-full object-cover -js-video-control\" id=\"-js-video-mobile-1496\" class=\"-js-action-video\" width=\"100%\" >\n                                                                <source src=\"https:\/\/d31hw89ycmfplm.cloudfront.net\/2023\/02\/Espanol-_-Reshape-the-future-with-a-smile-S.I.N.-Implant-System.mp4\" type=\"video\/mp4\">\n                                                        <\/video>\n            <\/div>\n        <\/section>\n    \n\n\n<p><\/p>\n\n\n \n\n            <section class=\"box-border block w-full h-auto overflow-hidden\" style=\"background:url(https:\/\/d31hw89ycmfplm.cloudfront.net\/2023\/06\/SbjFKGJ7-Design-sem-nome-5.png) ; background-size:cover; background-repeat: no-repeat;\">\n        <div class=\"w-full px-g18 xl:px-9 my-16 lg:my-24\">\n        <div class=\"max-w-[1130px] mx-auto flex\">\n            <div class=\"w-full justify-center\">\n                <div class=\"wpcontent--innerblocks flex flex-col\">\n                    <h2><span style=\"color: #ffffff;\"><img loading=\"lazy\" decoding=\"async\" class=\"size-medium wp-image-24102 aligncenter\" src=\"https:\/\/d31hw89ycmfplm.cloudfront.net\/2023\/06\/Layer-2-300x62.png\" alt=\"\" width=\"300\" height=\"62\" srcset=\"https:\/\/d31hw89ycmfplm.cloudfront.net\/2023\/06\/Layer-2-300x62.png 300w, https:\/\/d31hw89ycmfplm.cloudfront.net\/2023\/06\/Layer-2.png 350w\" sizes=\"auto, (max-width: 300px) 100vw, 300px\" \/><\/span><\/h2>\n<h2 style=\"text-align: center;\"><span style=\"color: #ffffff;\">Habitat Educacional de S.I.N. Implant System<\/span><\/h2>\n                <\/div>\n        \n                                    <a class=\"button block mx-auto w-max mt-8\" href=\"https:\/\/es.implantat.com.br\/\" target=\"\"\n                    style=\"background-color: #DF570B; color: #FFFFFF;\">\n                        CURSOS DISPONIBLES                    <\/a>\n                            <\/div>\n        <\/div>\n    <\/div>\n    <\/section>\n\n","protected":false},"excerpt":{"rendered":"SONRISAS QUE GENERAN NUESTRA MEJOR VERSI\u00d3N Creemos que la felicidad cuando compartida se transforma en algo memorable. Y a trav\u00e9s de esta que podemos expresar, de forma sincera, el cari\u00f1o y afecto, \u00a1adem\u00e1s de poseer el s\u00faper poder de contagiar y multiplicarse! Reforzamos nuestro posicionamiento \u2018\u2019Human to Human\u2019\u2019, con el inicio del ciclo de sonrisas [&hellip;]","protected":false},"author":3,"featured_media":0,"parent":0,"menu_order":0,"comment_status":"closed","ping_status":"closed","template":"","meta":{"_acf_changed":false,"inline_featured_image":false,"footnotes":""},"class_list":["post-8600","page","type-page","status-publish","hentry"],"acf":[],"yoast_head":"<!-- This site is optimized with the Yoast SEO plugin v27.4 - https:\/\/yoast.com\/product\/yoast-seo-wordpress\/ -->\n<title>Manifesto - S.I.N. | Soluciones + Innovaciones = Nuevas Sonrisas<\/title>\n<meta name=\"robots\" content=\"index, follow, max-snippet:-1, max-image-preview:large, max-video-preview:-1\" \/>\n<link rel=\"canonical\" href=\"https:\/\/www.sinimplantsystem.com\/es\/wp-json\/wp\/v2\/pages\/8600\/\" \/>\n<meta property=\"og:locale\" content=\"es_ES\" \/>\n<meta property=\"og:type\" content=\"article\" \/>\n<meta property=\"og:title\" content=\"Manifesto - S.I.N. | Soluciones + Innovaciones = Nuevas Sonrisas\" \/>\n<meta property=\"og:description\" content=\"SONRISAS QUE GENERAN NUESTRA MEJOR VERSI\u00d3N Creemos que la felicidad cuando compartida se transforma en algo memorable. Y a trav\u00e9s de esta que podemos expresar, de forma sincera, el cari\u00f1o y afecto, \u00a1adem\u00e1s de poseer el s\u00faper poder de contagiar y multiplicarse! Reforzamos nuestro posicionamiento \u2018\u2019Human to Human\u2019\u2019, con el inicio del ciclo de sonrisas [&hellip;]\" \/>\n<meta property=\"og:url\" content=\"https:\/\/www.sinimplantsystem.com\/es\/manifesto\/\" \/>\n<meta property=\"og:site_name\" content=\"S.I.N. | Soluciones + Innovaciones = Nuevas Sonrisas\" \/>\n<meta property=\"article:modified_time\" content=\"2024-07-23T14:09:57+00:00\" \/>\n<meta name=\"twitter:card\" content=\"summary_large_image\" \/>\n<meta name=\"twitter:label1\" content=\"Tiempo de lectura\" \/>\n\t<meta name=\"twitter:data1\" content=\"1 minuto\" \/>\n<script type=\"application\/ld+json\" class=\"yoast-schema-graph\">{\"@context\":\"https:\\\/\\\/schema.org\",\"@graph\":[{\"@type\":\"WebPage\",\"@id\":\"https:\\\/\\\/www.sinimplantsystem.com\\\/es\\\/manifesto\\\/\",\"url\":\"https:\\\/\\\/www.sinimplantsystem.com\\\/es\\\/manifesto\\\/\",\"name\":\"Manifesto - S.I.N. | Soluciones + Innovaciones = Nuevas Sonrisas\",\"isPartOf\":{\"@id\":\"https:\\\/\\\/www.sinimplantsystem.com\\\/es\\\/#website\"},\"datePublished\":\"2022-11-01T18:02:22+00:00\",\"dateModified\":\"2024-07-23T14:09:57+00:00\",\"breadcrumb\":{\"@id\":\"https:\\\/\\\/www.sinimplantsystem.com\\\/es\\\/manifesto\\\/#breadcrumb\"},\"inLanguage\":\"es\",\"potentialAction\":[{\"@type\":\"ReadAction\",\"target\":[\"https:\\\/\\\/www.sinimplantsystem.com\\\/es\\\/manifesto\\\/\"]}]},{\"@type\":\"BreadcrumbList\",\"@id\":\"https:\\\/\\\/www.sinimplantsystem.com\\\/es\\\/manifesto\\\/#breadcrumb\",\"itemListElement\":[{\"@type\":\"ListItem\",\"position\":1,\"name\":\"Home\",\"item\":\"https:\\\/\\\/www.sinimplantsystem.com\\\/es\\\/\"},{\"@type\":\"ListItem\",\"position\":2,\"name\":\"Manifesto\"}]},{\"@type\":\"WebSite\",\"@id\":\"https:\\\/\\\/www.sinimplantsystem.com\\\/es\\\/#website\",\"url\":\"https:\\\/\\\/www.sinimplantsystem.com\\\/es\\\/\",\"name\":\"S.I.N. | Soluciones + Innovaciones = Nuevas Sonrisas\",\"description\":\"\",\"potentialAction\":[{\"@type\":\"SearchAction\",\"target\":{\"@type\":\"EntryPoint\",\"urlTemplate\":\"https:\\\/\\\/www.sinimplantsystem.com\\\/es\\\/?s={search_term_string}\"},\"query-input\":{\"@type\":\"PropertyValueSpecification\",\"valueRequired\":true,\"valueName\":\"search_term_string\"}}],\"inLanguage\":\"es\"}]}<\/script>\n<!-- \/ Yoast SEO plugin. -->","yoast_head_json":{"title":"Manifesto - S.I.N. | Soluciones + Innovaciones = Nuevas Sonrisas","robots":{"index":"index","follow":"follow","max-snippet":"max-snippet:-1","max-image-preview":"max-image-preview:large","max-video-preview":"max-video-preview:-1"},"canonical":"https:\/\/www.sinimplantsystem.com\/es\/wp-json\/wp\/v2\/pages\/8600\/","og_locale":"es_ES","og_type":"article","og_title":"Manifesto - S.I.N. | Soluciones + Innovaciones = Nuevas Sonrisas","og_description":"SONRISAS QUE GENERAN NUESTRA MEJOR VERSI\u00d3N Creemos que la felicidad cuando compartida se transforma en algo memorable. Y a trav\u00e9s de esta que podemos expresar, de forma sincera, el cari\u00f1o y afecto, \u00a1adem\u00e1s de poseer el s\u00faper poder de contagiar y multiplicarse! Reforzamos nuestro posicionamiento \u2018\u2019Human to Human\u2019\u2019, con el inicio del ciclo de sonrisas [&hellip;]","og_url":"https:\/\/www.sinimplantsystem.com\/es\/manifesto\/","og_site_name":"S.I.N. | Soluciones + Innovaciones = Nuevas Sonrisas","article_modified_time":"2024-07-23T14:09:57+00:00","twitter_card":"summary_large_image","twitter_misc":{"Tiempo de lectura":"1 minuto"},"schema":{"@context":"https:\/\/schema.org","@graph":[{"@type":"WebPage","@id":"https:\/\/www.sinimplantsystem.com\/es\/manifesto\/","url":"https:\/\/www.sinimplantsystem.com\/es\/manifesto\/","name":"Manifesto - S.I.N. | Soluciones + Innovaciones = Nuevas Sonrisas","isPartOf":{"@id":"https:\/\/www.sinimplantsystem.com\/es\/#website"},"datePublished":"2022-11-01T18:02:22+00:00","dateModified":"2024-07-23T14:09:57+00:00","breadcrumb":{"@id":"https:\/\/www.sinimplantsystem.com\/es\/manifesto\/#breadcrumb"},"inLanguage":"es","potentialAction":[{"@type":"ReadAction","target":["https:\/\/www.sinimplantsystem.com\/es\/manifesto\/"]}]},{"@type":"BreadcrumbList","@id":"https:\/\/www.sinimplantsystem.com\/es\/manifesto\/#breadcrumb","itemListElement":[{"@type":"ListItem","position":1,"name":"Home","item":"https:\/\/www.sinimplantsystem.com\/es\/"},{"@type":"ListItem","position":2,"name":"Manifesto"}]},{"@type":"WebSite","@id":"https:\/\/www.sinimplantsystem.com\/es\/#website","url":"https:\/\/www.sinimplantsystem.com\/es\/","name":"S.I.N. | Soluciones + Innovaciones = Nuevas Sonrisas","description":"","potentialAction":[{"@type":"SearchAction","target":{"@type":"EntryPoint","urlTemplate":"https:\/\/www.sinimplantsystem.com\/es\/?s={search_term_string}"},"query-input":{"@type":"PropertyValueSpecification","valueRequired":true,"valueName":"search_term_string"}}],"inLanguage":"es"}]}},"_links":{"self":[{"href":"https:\/\/www.sinimplantsystem.com\/es\/wp-json\/wp\/v2\/pages\/8600","targetHints":{"allow":["GET"]}}],"collection":[{"href":"https:\/\/www.sinimplantsystem.com\/es\/wp-json\/wp\/v2\/pages"}],"about":[{"href":"https:\/\/www.sinimplantsystem.com\/es\/wp-json\/wp\/v2\/types\/page"}],"author":[{"embeddable":true,"href":"https:\/\/www.sinimplantsystem.com\/es\/wp-json\/wp\/v2\/users\/3"}],"replies":[{"embeddable":true,"href":"https:\/\/www.sinimplantsystem.com\/es\/wp-json\/wp\/v2\/comments?post=8600"}],"version-history":[{"count":8,"href":"https:\/\/www.sinimplantsystem.com\/es\/wp-json\/wp\/v2\/pages\/8600\/revisions"}],"predecessor-version":[{"id":26375,"href":"https:\/\/www.sinimplantsystem.com\/es\/wp-json\/wp\/v2\/pages\/8600\/revisions\/26375"}],"wp:attachment":[{"href":"https:\/\/www.sinimplantsystem.com\/es\/wp-json\/wp\/v2\/media?parent=8600"}],"curies":[{"name":"wp","href":"https:\/\/api.w.org\/{rel}","templated":true}]}}