{"id":24061,"date":"2023-01-12T08:53:07","date_gmt":"2023-01-12T11:53:07","guid":{"rendered":"https:\/\/www.sinimplantsystem.com.br\/?page_id=24061"},"modified":"2023-06-15T18:26:42","modified_gmt":"2023-06-15T21:26:42","slug":"ofertas-de-empleo","status":"publish","type":"page","link":"https:\/\/www.sinimplantsystem.com\/es\/ofertas-de-empleo\/","title":{"rendered":"Ofertas de empleo"},"content":{"rendered":"\n<section  class=\"w-full h-screen relative\">\n                        <video class=\"hidden md:block w-full h-full object-cover\" autoplay muted loop playsinline >\n                                                    <source src=\"https:\/\/d31hw89ycmfplm.cloudfront.net\/2022\/12\/SorrisosQueGeramSorrisos_R02.mp4\" type=\"video\/mp4\">\n                                            <\/video>\n            <video class=\"md:hidden w-full h-full object-cover\" autoplay muted loop playsinline  >\n                                                    <source src=\"https:\/\/d31hw89ycmfplm.cloudfront.net\/2022\/12\/SorrisosQueGeramSorrisos1Min_SemMosca_R01.mp4\" type=\"video\/mp4\">\n                                            <\/video>\n                            <div class=\"absolute top-0 left-0 w-full h-full\" style=\"background: rgba(0,0,0,0.4);\">\n                <div class=\"px-g18 py-28 xl:px-9 lg:max-w-[1440px] w-full h-full flex mx-auto\" style=\"align-items: center; justify-content: center;\">\n                    <div>\n                        <h3 class='text-white font-aller text-t5 leading-9 md:text-t2 md:leading-[3.5rem] drop-shadow-text'>\u00danetenos<\/h3>                                                    <a \n                                style=\"\n                                    background-color: #f18700; \n                                    color: #fff;\n                                    border: 1px solid #f18700;\n                                \"\n                                class=\"mt-9 block py-3 px-9 w-max rounded-lg font-allerlight text-center text-p6 lg:hover:shadow-lg lg:hover:scale-105 transition-all duration-300\" \n                                href=\"https:\/\/vemprasin.gupy.io\/\"\n                            >\n                                Ver vacantes                        <\/a>\n                                            <\/div>\n                <\/div>\n            <\/div>\n                \n    <\/section>\n \n\n\n<section style=\"background-color: #FFFFFF; background: url(#ffffff) no-repeat center center; padding-top: 90px; position: relative; background-size: cover;\">\n        <article class=\"relative w-full max-w-[1440px] xl:max-w-[59vw] mx-auto px-g18 xl:px-0 py-9 md:py-16\">\n        <div class=\"mb-8 wpcontent--innerblocks\">\n                    <\/div>\n\n                    <div class=\"flex\" style=\"justify-content: left;\">\n                                                            <a class=\"-js-smoth-scroll inline-block px-3 py-2 lg:py-3 lg:px-9 w-max rounded-lg font-allerlight border text-center text-p7 md:text-p6 mr-2 mb-3 md:mr-4 md:mb-4 last:mr-0 lg:hover:shadow-lg lg:hover:scale-105 transition-all duration-300\" href=\"https:\/\/br.linkedin.com\/company\/sinimplantsystem\" style=\"\n                            background-color: #ef8c07;\n                            color: #ffffff;\n                            border-color: #EF8C07;\n                        \">\n                            S\u00edguenos en Linkedin                        <\/a>\n                                                                                <a class=\"-js-smoth-scroll inline-block px-3 py-2 lg:py-3 lg:px-9 w-max rounded-lg font-allerlight border text-center text-p7 md:text-p6 mr-2 mb-3 md:mr-4 md:mb-4 last:mr-0 lg:hover:shadow-lg lg:hover:scale-105 transition-all duration-300\" href=\"https:\/\/www.youtube.com\/watch?v=kqdYNvOulVc\" style=\"\n                            background-color: #FFFFFF;\n                            color: #EF8C07;\n                            border-color: #EF8C07;\n                        \">\n                            Hacer un tour 360                        <\/a>\n                                                                                <a class=\"-js-smoth-scroll inline-block px-3 py-2 lg:py-3 lg:px-9 w-max rounded-lg font-allerlight border text-center text-p7 md:text-p6 mr-2 mb-3 md:mr-4 md:mb-4 last:mr-0 lg:hover:shadow-lg lg:hover:scale-105 transition-all duration-300\" href=\"https:\/\/www.sinimplantsystem.com\/es\/missao\/\" style=\"\n                            background-color: #FFFFFF;\n                            color: #EF8C07;\n                            border-color: #EF8C07;\n                        \">\n                            Conozca nuestra misi\u00f3n, visi\u00f3n y valores                         <\/a>\n                                                <\/div>\n            <\/article>\n<\/section>\n\n\n<section class=\"px-g18 xl:px-0 overflow-hidden\">\n    <div class=\"flex w-full items-center xl:max-w-[1440px] xl:px-9 mx-auto justify-between mt-16 lg:mt-24\">\n        <h2 class=\"font-aller text-t7 uppercase\">#SonrisasQueGeneranSonrisas<\/h2>\n    <\/div>\n\n            <div class=\"-js-sin-scroll relative xl:max-w-[1440px] xl:px-9 max-lg:overflow-auto mx-auto mt-6 mb-16 max-lg:scrollbar-thin max-lg:scrollbar-thumb-gray-400 max-lg:scrollbar-track-gray-200\">\n            <ul class=\"-js-scroll-cards flex flex-nowrap mb-8 lg:mb-0 w-fit mx-auto\">\n                                    <li class=\"inline-block min-w-[324px] w-[324px] lg:min-w-[384px] lg:w-[384px] p-1 relative h-max\">\n                                                    <figure class=\"w-full h-full pt-[77.71%] mx-auto relative mb-2 md:mb-3\">\n                                <img decoding=\"async\" class=\"absolute left-0 top-0 w-full h-full object-cover group-hover:scale-105 transition-transform ease-in-out duration-300\" src=\"https:\/\/d31hw89ycmfplm.cloudfront.net\/2023\/06\/Carreira.png\" alt=\"Su carrera y su Desarrollo\">\n                            <\/figure>\n                                                <div class=\"flex flex-col mx-auto\">\n                            <h4 class=\"font-aller text-p5 leading-5 group-hover:underline\">Su carrera y su Desarrollo<\/h4>\n                            <p class=\"font-allerlight text-p6 leading-5 group-hover:underline\">Estimulamos el desarrollo y el protagonismo de cada uno, incentivando la autonom\u00eda para revolucionar su carrera a su manera.<\/p>\n                        <\/div>\n                    <\/li>\n                                    <li class=\"inline-block min-w-[324px] w-[324px] lg:min-w-[384px] lg:w-[384px] p-1 relative h-max\">\n                                                    <figure class=\"w-full h-full pt-[77.71%] mx-auto relative mb-2 md:mb-3\">\n                                <img decoding=\"async\" class=\"absolute left-0 top-0 w-full h-full object-cover group-hover:scale-105 transition-transform ease-in-out duration-300\" src=\"https:\/\/d31hw89ycmfplm.cloudfront.net\/2023\/06\/apaixonadas.png\" alt=\"Valoramos Personas apasionadas y con ideales\">\n                            <\/figure>\n                                                <div class=\"flex flex-col mx-auto\">\n                            <h4 class=\"font-aller text-p5 leading-5 group-hover:underline\">Valoramos Personas apasionadas y con ideales<\/h4>\n                            <p class=\"font-allerlight text-p6 leading-5 group-hover:underline\">Nuestra misi\u00f3n es reverberar sonrisas alrededor del mundo, por lo que queremos personas diversas y verdaderas que crean en el prop\u00f3sito de S.I.N.<\/p>\n                        <\/div>\n                    <\/li>\n                                    <li class=\"inline-block min-w-[324px] w-[324px] lg:min-w-[384px] lg:w-[384px] p-1 relative h-max\">\n                                                    <figure class=\"w-full h-full pt-[77.71%] mx-auto relative mb-2 md:mb-3\">\n                                <img decoding=\"async\" class=\"absolute left-0 top-0 w-full h-full object-cover group-hover:scale-105 transition-transform ease-in-out duration-300\" src=\"https:\/\/d31hw89ycmfplm.cloudfront.net\/2023\/06\/pessoas.png\" alt=\"\u00a1S.I.N. es para todas las personas!\">\n                            <\/figure>\n                                                <div class=\"flex flex-col mx-auto\">\n                            <h4 class=\"font-aller text-p5 leading-5 group-hover:underline\">\u00a1S.I.N. es para todas las personas!<\/h4>\n                            <p class=\"font-allerlight text-p6 leading-5 group-hover:underline\">Aqu\u00ed, todas las diferencias tienen su espacio y S.I.N. tiene a la diversidad como un compromiso. La pluralidad es esencial para seguir innovando y llevando nuestra misi\u00f3n a m\u00e1s Personas.<\/p>\n                        <\/div>\n                    <\/li>\n                                    <li class=\"inline-block min-w-[324px] w-[324px] lg:min-w-[384px] lg:w-[384px] p-1 relative h-max\">\n                                                    <figure class=\"w-full h-full pt-[77.71%] mx-auto relative mb-2 md:mb-3\">\n                                <img decoding=\"async\" class=\"absolute left-0 top-0 w-full h-full object-cover group-hover:scale-105 transition-transform ease-in-out duration-300\" src=\"https:\/\/d31hw89ycmfplm.cloudfront.net\/2023\/06\/inovacao.png\" alt=\"Transformaci\u00f3n digital e innovaci\u00f3n\">\n                            <\/figure>\n                                                <div class=\"flex flex-col mx-auto\">\n                            <h4 class=\"font-aller text-p5 leading-5 group-hover:underline\">Transformaci\u00f3n digital e innovaci\u00f3n<\/h4>\n                            <p class=\"font-allerlight text-p6 leading-5 group-hover:underline\">La innovaci\u00f3n est\u00e1 en el ADN de S.I.N. y eso se refleja en nuestra manera de crear productos, en la evoluci\u00f3n de los procesos y en el desarrollo de su carrera.<\/p>\n                        <\/div>\n                    <\/li>\n                            <\/ul>\n\n            <div class=\"hidden lg:block mx-auto -js-scroll-rail mt-9 mb-15 lg:mb-24 bg-transparent w-full overflow-auto  h-2 scrollbar scrollbar-thumb-gray-400 scrollbar-track-gray-200\">\n                <div class=\"-js-scroll-guide h-1 bg-transparent\"><\/div>\n            <\/div>\n        <\/div>\n    <\/section>\n\n\n<section style=\"background-color: #FFFFFF; background: url(#ffffff) no-repeat center center; padding-top: 90px; position: relative; background-size: cover;\">\n        <article class=\"relative w-full max-w-[1440px] xl:max-w-[59vw] mx-auto px-g18 xl:px-0 py-9 md:py-16\">\n        <div class=\"mb-8 wpcontent--innerblocks\">\n            <h2 style=\"text-align: center;\">\u00a1Haga parte y ayude a S.I.N. a generar nuevas sonrisas por el mundo!<\/h2>\n        <\/div>\n\n                    <div class=\"flex\" style=\"justify-content: left;\">\n                                                            <a class=\"-js-smoth-scroll inline-block px-3 py-2 lg:py-3 lg:px-9 w-max rounded-lg font-allerlight border text-center text-p7 md:text-p6 mr-2 mb-3 md:mr-4 md:mb-4 last:mr-0 lg:hover:shadow-lg lg:hover:scale-105 transition-all duration-300\" href=\"https:\/\/vemprasin.gupy.io\/\" style=\"\n                            background-color: #ef8c07;\n                            color: #ffffff;\n                            border-color: #EF8C07;\n                        \">\n                            Ver vacantes                        <\/a>\n                                                <\/div>\n            <\/article>\n<\/section>\n\n\n            <section>\n            <div class=\"hidden md:block w-full md:h-screen relative\"> \n                <div class=\"-js-video-btn absolute top-0 left-0 w-full h-full z-10 flex justify-center items-center bg-black\/20 cursor-pointer\" data-action=\"-js-video-4233\">\n                    <i class=\"indent-[-9999px]\">\n                        Play\/Pause\n                        <svg width=\"89\" height=\"89\" viewBox=\"0 0 89 89\" fill=\"none\" xmlns=\"http:\/\/www.w3.org\/2000\/svg\"><g filter=\"url(#filter0_d_102_616)\"><path d=\"M34.5 58.479L58.5 40.479L34.5 22.479V58.479ZM42.5 0.479004C20.42 0.479004 2.5 18.399 2.5 40.479C2.5 62.559 20.42 80.479 42.5 80.479C64.58 80.479 82.5 62.559 82.5 40.479C82.5 18.399 64.58 0.479004 42.5 0.479004ZM42.5 72.479C24.86 72.479 10.5 58.119 10.5 40.479C10.5 22.839 24.86 8.479 42.5 8.479C60.14 8.479 74.5 22.839 74.5 40.479C74.5 58.119 60.14 72.479 42.5 72.479Z\" fill=\"white\"\/><\/g><defs><filter id=\"filter0_d_102_616\" x=\"0.5\" y=\"0.479004\" width=\"88\" height=\"88\" filterUnits=\"userSpaceOnUse\" color-interpolation-filters=\"sRGB\"><feFlood flood-opacity=\"0\" result=\"BackgroundImageFix\"\/><feColorMatrix in=\"SourceAlpha\" type=\"matrix\" values=\"0 0 0 0 0 0 0 0 0 0 0 0 0 0 0 0 0 0 127 0\" result=\"hardAlpha\"\/><feOffset dx=\"2\" dy=\"4\"\/><feGaussianBlur stdDeviation=\"2\"\/><feComposite in2=\"hardAlpha\" operator=\"out\"\/><feColorMatrix type=\"matrix\" values=\"0 0 0 0 0 0 0 0 0 0 0 0 0 0 0 0 0 0 0.5 0\"\/><feBlend mode=\"normal\" in2=\"BackgroundImageFix\" result=\"effect1_dropShadow_102_616\"\/><feBlend mode=\"normal\" in=\"SourceGraphic\" in2=\"effect1_dropShadow_102_616\" result=\"shape\"\/><\/filter><\/defs><\/svg>                    <\/i> \n                <\/div>\n                <video class=\" w-full h-full object-cover -js-video-control\" id=\"-js-video-4233\" class=\"-js-action-video\" width=\"100%\" poster=\"https:\/\/d31hw89ycmfplm.cloudfront.net\/2023\/06\/div-1.png\">\n                                                                            <\/video>\n            <\/div>\n    \n            <div class=\"md:hidden w-full h-screen relative\"> \n                <div class=\"-js-video-mobile-btn absolute top-0 left-0 w-full h-full z-10 flex justify-center items-center bg-black\/20 cursor-pointer\" data-action=\"-js-video-mobile-4233\">\n                    <i class=\"indent-[-9999px]\">\n                        Play\/Pause\n                        <svg width=\"89\" height=\"89\" viewBox=\"0 0 89 89\" fill=\"none\" xmlns=\"http:\/\/www.w3.org\/2000\/svg\"><g filter=\"url(#filter0_d_102_616)\"><path d=\"M34.5 58.479L58.5 40.479L34.5 22.479V58.479ZM42.5 0.479004C20.42 0.479004 2.5 18.399 2.5 40.479C2.5 62.559 20.42 80.479 42.5 80.479C64.58 80.479 82.5 62.559 82.5 40.479C82.5 18.399 64.58 0.479004 42.5 0.479004ZM42.5 72.479C24.86 72.479 10.5 58.119 10.5 40.479C10.5 22.839 24.86 8.479 42.5 8.479C60.14 8.479 74.5 22.839 74.5 40.479C74.5 58.119 60.14 72.479 42.5 72.479Z\" fill=\"white\"\/><\/g><defs><filter id=\"filter0_d_102_616\" x=\"0.5\" y=\"0.479004\" width=\"88\" height=\"88\" filterUnits=\"userSpaceOnUse\" color-interpolation-filters=\"sRGB\"><feFlood flood-opacity=\"0\" result=\"BackgroundImageFix\"\/><feColorMatrix in=\"SourceAlpha\" type=\"matrix\" values=\"0 0 0 0 0 0 0 0 0 0 0 0 0 0 0 0 0 0 127 0\" result=\"hardAlpha\"\/><feOffset dx=\"2\" dy=\"4\"\/><feGaussianBlur stdDeviation=\"2\"\/><feComposite in2=\"hardAlpha\" operator=\"out\"\/><feColorMatrix type=\"matrix\" values=\"0 0 0 0 0 0 0 0 0 0 0 0 0 0 0 0 0 0 0.5 0\"\/><feBlend mode=\"normal\" in2=\"BackgroundImageFix\" result=\"effect1_dropShadow_102_616\"\/><feBlend mode=\"normal\" in=\"SourceGraphic\" in2=\"effect1_dropShadow_102_616\" result=\"shape\"\/><\/filter><\/defs><\/svg>                    <\/i> \n                <\/div>\n                <video class=\"w-full h-full object-cover -js-video-control\" id=\"-js-video-mobile-4233\" class=\"-js-action-video\" width=\"100%\" poster=\"https:\/\/d31hw89ycmfplm.cloudfront.net\/2023\/06\/div-1.png\">\n                                                                            <\/video>\n            <\/div>\n        <\/section>\n    ","protected":false},"excerpt":{"rendered":"","protected":false},"author":3,"featured_media":0,"parent":0,"menu_order":0,"comment_status":"closed","ping_status":"closed","template":"","meta":{"_acf_changed":false,"inline_featured_image":false,"footnotes":""},"class_list":["post-24061","page","type-page","status-publish","hentry"],"acf":[],"yoast_head":"<!-- This site is optimized with the Yoast SEO plugin v27.4 - https:\/\/yoast.com\/product\/yoast-seo-wordpress\/ -->\n<title>Ofertas de empleo - S.I.N. | Soluciones + Innovaciones = Nuevas Sonrisas<\/title>\n<meta name=\"robots\" content=\"index, follow, max-snippet:-1, max-image-preview:large, max-video-preview:-1\" \/>\n<link rel=\"canonical\" href=\"https:\/\/www.sinimplantsystem.com\/es\/wp-json\/wp\/v2\/pages\/24061\/\" \/>\n<meta property=\"og:locale\" content=\"es_ES\" \/>\n<meta property=\"og:type\" content=\"article\" \/>\n<meta property=\"og:title\" content=\"Ofertas de empleo - S.I.N. | Soluciones + Innovaciones = Nuevas Sonrisas\" \/>\n<meta property=\"og:url\" content=\"https:\/\/www.sinimplantsystem.com\/es\/ofertas-de-empleo\/\" \/>\n<meta property=\"og:site_name\" content=\"S.I.N. | Soluciones + Innovaciones = Nuevas Sonrisas\" \/>\n<meta property=\"article:modified_time\" content=\"2023-06-15T21:26:42+00:00\" \/>\n<meta name=\"twitter:card\" content=\"summary_large_image\" \/>\n<script type=\"application\/ld+json\" class=\"yoast-schema-graph\">{\"@context\":\"https:\\\/\\\/schema.org\",\"@graph\":[{\"@type\":\"WebPage\",\"@id\":\"https:\\\/\\\/www.sinimplantsystem.com\\\/es\\\/ofertas-de-empleo\\\/\",\"url\":\"https:\\\/\\\/www.sinimplantsystem.com\\\/es\\\/ofertas-de-empleo\\\/\",\"name\":\"Ofertas de empleo - S.I.N. | Soluciones + Innovaciones = Nuevas Sonrisas\",\"isPartOf\":{\"@id\":\"https:\\\/\\\/www.sinimplantsystem.com\\\/es\\\/#website\"},\"datePublished\":\"2023-01-12T11:53:07+00:00\",\"dateModified\":\"2023-06-15T21:26:42+00:00\",\"breadcrumb\":{\"@id\":\"https:\\\/\\\/www.sinimplantsystem.com\\\/es\\\/ofertas-de-empleo\\\/#breadcrumb\"},\"inLanguage\":\"es\",\"potentialAction\":[{\"@type\":\"ReadAction\",\"target\":[\"https:\\\/\\\/www.sinimplantsystem.com\\\/es\\\/ofertas-de-empleo\\\/\"]}]},{\"@type\":\"BreadcrumbList\",\"@id\":\"https:\\\/\\\/www.sinimplantsystem.com\\\/es\\\/ofertas-de-empleo\\\/#breadcrumb\",\"itemListElement\":[{\"@type\":\"ListItem\",\"position\":1,\"name\":\"Home\",\"item\":\"https:\\\/\\\/www.sinimplantsystem.com\\\/es\\\/\"},{\"@type\":\"ListItem\",\"position\":2,\"name\":\"Ofertas de empleo\"}]},{\"@type\":\"WebSite\",\"@id\":\"https:\\\/\\\/www.sinimplantsystem.com\\\/es\\\/#website\",\"url\":\"https:\\\/\\\/www.sinimplantsystem.com\\\/es\\\/\",\"name\":\"S.I.N. | Soluciones + Innovaciones = Nuevas Sonrisas\",\"description\":\"\",\"potentialAction\":[{\"@type\":\"SearchAction\",\"target\":{\"@type\":\"EntryPoint\",\"urlTemplate\":\"https:\\\/\\\/www.sinimplantsystem.com\\\/es\\\/?s={search_term_string}\"},\"query-input\":{\"@type\":\"PropertyValueSpecification\",\"valueRequired\":true,\"valueName\":\"search_term_string\"}}],\"inLanguage\":\"es\"}]}<\/script>\n<!-- \/ Yoast SEO plugin. -->","yoast_head_json":{"title":"Ofertas de empleo - S.I.N. | Soluciones + Innovaciones = Nuevas Sonrisas","robots":{"index":"index","follow":"follow","max-snippet":"max-snippet:-1","max-image-preview":"max-image-preview:large","max-video-preview":"max-video-preview:-1"},"canonical":"https:\/\/www.sinimplantsystem.com\/es\/wp-json\/wp\/v2\/pages\/24061\/","og_locale":"es_ES","og_type":"article","og_title":"Ofertas de empleo - S.I.N. | Soluciones + Innovaciones = Nuevas Sonrisas","og_url":"https:\/\/www.sinimplantsystem.com\/es\/ofertas-de-empleo\/","og_site_name":"S.I.N. | Soluciones + Innovaciones = Nuevas Sonrisas","article_modified_time":"2023-06-15T21:26:42+00:00","twitter_card":"summary_large_image","schema":{"@context":"https:\/\/schema.org","@graph":[{"@type":"WebPage","@id":"https:\/\/www.sinimplantsystem.com\/es\/ofertas-de-empleo\/","url":"https:\/\/www.sinimplantsystem.com\/es\/ofertas-de-empleo\/","name":"Ofertas de empleo - S.I.N. | Soluciones + Innovaciones = Nuevas Sonrisas","isPartOf":{"@id":"https:\/\/www.sinimplantsystem.com\/es\/#website"},"datePublished":"2023-01-12T11:53:07+00:00","dateModified":"2023-06-15T21:26:42+00:00","breadcrumb":{"@id":"https:\/\/www.sinimplantsystem.com\/es\/ofertas-de-empleo\/#breadcrumb"},"inLanguage":"es","potentialAction":[{"@type":"ReadAction","target":["https:\/\/www.sinimplantsystem.com\/es\/ofertas-de-empleo\/"]}]},{"@type":"BreadcrumbList","@id":"https:\/\/www.sinimplantsystem.com\/es\/ofertas-de-empleo\/#breadcrumb","itemListElement":[{"@type":"ListItem","position":1,"name":"Home","item":"https:\/\/www.sinimplantsystem.com\/es\/"},{"@type":"ListItem","position":2,"name":"Ofertas de empleo"}]},{"@type":"WebSite","@id":"https:\/\/www.sinimplantsystem.com\/es\/#website","url":"https:\/\/www.sinimplantsystem.com\/es\/","name":"S.I.N. | Soluciones + Innovaciones = Nuevas Sonrisas","description":"","potentialAction":[{"@type":"SearchAction","target":{"@type":"EntryPoint","urlTemplate":"https:\/\/www.sinimplantsystem.com\/es\/?s={search_term_string}"},"query-input":{"@type":"PropertyValueSpecification","valueRequired":true,"valueName":"search_term_string"}}],"inLanguage":"es"}]}},"_links":{"self":[{"href":"https:\/\/www.sinimplantsystem.com\/es\/wp-json\/wp\/v2\/pages\/24061","targetHints":{"allow":["GET"]}}],"collection":[{"href":"https:\/\/www.sinimplantsystem.com\/es\/wp-json\/wp\/v2\/pages"}],"about":[{"href":"https:\/\/www.sinimplantsystem.com\/es\/wp-json\/wp\/v2\/types\/page"}],"author":[{"embeddable":true,"href":"https:\/\/www.sinimplantsystem.com\/es\/wp-json\/wp\/v2\/users\/3"}],"replies":[{"embeddable":true,"href":"https:\/\/www.sinimplantsystem.com\/es\/wp-json\/wp\/v2\/comments?post=24061"}],"version-history":[{"count":14,"href":"https:\/\/www.sinimplantsystem.com\/es\/wp-json\/wp\/v2\/pages\/24061\/revisions"}],"predecessor-version":[{"id":25550,"href":"https:\/\/www.sinimplantsystem.com\/es\/wp-json\/wp\/v2\/pages\/24061\/revisions\/25550"}],"wp:attachment":[{"href":"https:\/\/www.sinimplantsystem.com\/es\/wp-json\/wp\/v2\/media?parent=24061"}],"curies":[{"name":"wp","href":"https:\/\/api.w.org\/{rel}","templated":true}]}}