{"id":10185,"date":"2023-01-10T13:52:19","date_gmt":"2023-01-10T16:52:19","guid":{"rendered":"https:\/\/www.sinimplantsystem.com.br\/?page_id=10185"},"modified":"2024-09-25T11:49:12","modified_gmt":"2024-09-25T14:49:12","slug":"ambassadors","status":"publish","type":"page","link":"https:\/\/www.sinimplantsystem.com\/es\/ambassadors\/","title":{"rendered":"Ambassadors"},"content":{"rendered":"\n<section class=\"single-product-variation\">\n    <picture class=\"hidden md:block box-border w-full h-screen relative\" style=\"background:url('https:\/\/d31hw89ycmfplm.cloudfront.net\/sites\/4\/2024\/05\/ambassadors.png') ; background-size:cover; background-repeat: no-repeat; background-position: center;\">\n                <div class=\"absolute top-0 left-0 w-full h-full\" style=\"background-color:rgba(0,0,0,0);\">\n            <div class=\"px-g18 xl:px-9 pt-11 pb-32 lg:py-32 lg:max-w-[1440px] w-full h-full flex md:items-center mx-auto\">\n                <div class=\"w-full h-full flex\" style=\"justify-content: right; align-items: center \">\n                <div class=\"md:max-w-[45%]\">\n                    <div class=\"wpcontent--innerblocks\">\n                        <p><img loading=\"lazy\" decoding=\"async\" class=\"alignnone wp-image-26031\" src=\"https:\/\/d31hw89ycmfplm.cloudfront.net\/2024\/05\/AMBASSADORS-logotipo-branco-e1715696183372.png\" alt=\"\" width=\"502\" height=\"122\" \/><\/p>\n<p style=\"text-align: left;\"><span style=\"color: #ffffff;\">Una red exclusiva de dentistas e investigadores dedicados a la innovaci\u00f3n y excelencia en Odontolog\u00eda.<\/span><\/p>\n<div id=\"urban-overlay\" style=\"left: -10px; top: -10px; width: 0px; height: 0px; text-align: left;\"><\/div>\n                    <\/div>\n            \n                                    <\/div>\n                <\/div>\n            <\/div>\n        <\/div>\n    <\/picture>\n    \n    <picture class=\"block md:hidden box-border w-full max-lg:h-screen lg:h-screen relative\" style=\"background:url('https:\/\/d31hw89ycmfplm.cloudfront.net\/sites\/4\/2024\/05\/mobileambassadors.png') ; background-size:cover; background-repeat: no-repeat; background-position: center;;\">\n                <div class=\"absolute top-0 left-0 w-full h-full\">\n            <div class=\"px-g18 xl:px-9 py-11 lg:max-w-[1440px] w-full h-full flex md:items-center mx-auto\">\n                <div class=\"w-full flex\" style=\"justify-content: center\">\n                    <div class=\"w-full md:max-w-[45%]\">\n                        <div class=\"wpcontent--innerblocks\">\n                            <p><img loading=\"lazy\" decoding=\"async\" class=\"alignnone wp-image-26031\" src=\"https:\/\/d31hw89ycmfplm.cloudfront.net\/2024\/05\/AMBASSADORS-logotipo-branco-e1715696183372.png\" alt=\"\" width=\"502\" height=\"122\" \/><\/p>\n<p style=\"text-align: left;\"><span style=\"color: #ffffff;\">Una red exclusiva de dentistas e investigadores dedicados a la innovaci\u00f3n y excelencia en Odontolog\u00eda.<\/span><\/p>\n<div id=\"urban-overlay\" style=\"left: -10px; top: -10px; width: 0px; height: 0px; text-align: left;\"><\/div>\n                        <\/div>\n            \n                                            <\/div>\n                <\/div>\n            <\/div>\n        <\/div>\n        \n                    <button class=\"-js-bannerbg-btn absolute lg:hidden w-[70px] bottom-4 left-[calc(50%-35px)] animate-bounce\">\n                <svg width=\"70\" height=\"70\" viewBox=\"0 0 70 70\" fill=\"none\" xmlns=\"http:\/\/www.w3.org\/2000\/svg\"><g filter=\"url(#filter0_i_3_226)\"><circle cx=\"35\" cy=\"35\" r=\"35\" fill=\"black\" fill-opacity=\"0.32\"\/><\/g><path d=\"M55 31L34 47L13 31\" stroke=\"white\" stroke-width=\"4\" stroke-linecap=\"round\" stroke-linejoin=\"round\"\/><defs><filter id=\"filter0_i_3_226\" x=\"0\" y=\"0\" width=\"70\" height=\"74\" filterUnits=\"userSpaceOnUse\" color-interpolation-filters=\"sRGB\"><feFlood flood-opacity=\"0\" result=\"BackgroundImageFix\"\/><feBlend mode=\"normal\" in=\"SourceGraphic\" in2=\"BackgroundImageFix\" result=\"shape\"\/><feColorMatrix in=\"SourceAlpha\" type=\"matrix\" values=\"0 0 0 0 0 0 0 0 0 0 0 0 0 0 0 0 0 0 127 0\" result=\"hardAlpha\"\/><feOffset dy=\"4\"\/><feGaussianBlur stdDeviation=\"3.5\"\/><feComposite in2=\"hardAlpha\" operator=\"arithmetic\" k2=\"-1\" k3=\"1\"\/><feColorMatrix type=\"matrix\" values=\"0 0 0 0 0 0 0 0 0 0 0 0 0 0 0 0 0 0 0.25 0\"\/><feBlend mode=\"normal\" in2=\"shape\" result=\"effect1_innerShadow_3_226\"\/><\/filter><\/defs><\/svg>            <\/button>\n            <\/picture>\n<\/section>\n\n\n\n<h2 class=\"wp-block-heading\"><strong>CONOZCA EL PROGRAMA AMBASSADORS S.I.N.<\/strong><\/h2>\n\n\n\n<p><strong>Ambassadors S.I.N.<\/strong> es una red exclusiva de dentistas e investigadores dedicados a la innovaci\u00f3n y excelencia en Odontolog\u00eda. Con el objetivo de construir una comunidad de expertos de renombre, los Ambassadors S.I.N. representan la esencia de la autoridad y dominio en Implantolog\u00eda, Ciencia, Soluciones Digitales y Sonrisas.<\/p>\n\n\n\n<p>La base de este programa radica en la comprensi\u00f3n de que cada sonrisa que creamos es una conexi\u00f3n humana significativa, y el verdadero diferenciador es su crecimiento org\u00e1nico. Creemos que a medida que nuestra comunidad crece, el impacto se multiplica, impulsando la evoluci\u00f3n de la Odontolog\u00eda.<\/p>\n\n\n\n<p>Ofrecemos una variedad de eventos y experiencias en colaboraci\u00f3n con nuestros Ambassadors, promoviendo el intercambio de conocimientos y la mejora continua de la pr\u00e1ctica odontol\u00f3gica.<\/p>\n\n\n\n<p>Juntos, formamos una constelaci\u00f3n brillante en la odontolog\u00eda, realzando la autoridad y el dominio que solo el Sistema de Implantes S.I.N. puede ofrecer.<\/p>\n\n\n\n<figure class=\"wp-block-image alignwide size-large\"><a href=\"https:\/\/ambassadorsinportal.com\/APP\/\"><img loading=\"lazy\" decoding=\"async\" width=\"1024\" height=\"192\" src=\"https:\/\/d31hw89ycmfplm.cloudfront.net\/sites\/4\/2024\/09\/SAIBA-MAIS-5-1024x192.png\" alt=\"\" class=\"wp-image-26422\" srcset=\"https:\/\/d31hw89ycmfplm.cloudfront.net\/sites\/4\/2024\/09\/SAIBA-MAIS-5-300x56.png 300w, https:\/\/d31hw89ycmfplm.cloudfront.net\/sites\/4\/2024\/09\/SAIBA-MAIS-5-1024x192.png 1024w, https:\/\/d31hw89ycmfplm.cloudfront.net\/sites\/4\/2024\/09\/SAIBA-MAIS-5-768x144.png 768w, https:\/\/d31hw89ycmfplm.cloudfront.net\/sites\/4\/2024\/09\/SAIBA-MAIS-5-1536x288.png 1536w, https:\/\/d31hw89ycmfplm.cloudfront.net\/sites\/4\/2024\/09\/SAIBA-MAIS-5.png 1600w\" sizes=\"auto, (max-width: 1024px) 100vw, 1024px\" \/><\/a><\/figure>\n\n\n\n<p><strong>DESCUBRA LA REUNI\u00d3N GLOBAL DE AMBASSADORS.<\/strong><\/p>\n\n\n\n<p>\u00a1Una experiencia que trasciende las expectativas m\u00e1s altas!<\/p>\n\n\n\n<p>La Reuni\u00f3n Global de Ambassadors re\u00fane a brillantes profesionales de la Odontolog\u00eda en un congreso bianual, centrado en la difusi\u00f3n del conocimiento cient\u00edfico, la discusi\u00f3n de tendencias y el perfeccionamiento de t\u00e9cnicas innovadoras.<\/p>\n\n\n\n<p>El GAM es una oportunidad \u00fanica para expandir conocimientos, ampliar redes y elevar la pr\u00e1ctica cl\u00ednica a nuevos niveles de excelencia.<\/p>\n\n\n\n<p>Su primera edici\u00f3n tuvo lugar en 2021, en Trancoso\/BA, y la segunda en Punta Cana, Rep\u00fablica Dominicana, en 2023. La pr\u00f3xima ser\u00e1 en 2025, y el lugar seguro que te sorprender\u00e1. La Reuni\u00f3n Global de Ambassadors es exclusiva para nuestros Ambassadors S.I.N.<\/p>\n\n\n\n<p class=\"has-text-align-center\"><strong>Descubre c\u00f3mo fue el Global Ambassadors Meeting 2023, realizado en Punta Cana:<\/strong><\/p>\n\n\n\n<figure class=\"wp-block-embed is-type-video is-provider-youtube wp-block-embed-youtube wp-embed-aspect-16-9 wp-has-aspect-ratio\"><div class=\"wp-block-embed__wrapper\">\n<iframe loading=\"lazy\" title=\"Global Ambassadors Meeting 2023 | S.I.N. Implant System (English)\" width=\"500\" height=\"281\" src=\"https:\/\/www.youtube.com\/embed\/exq_B3YOmJI?feature=oembed\" frameborder=\"0\" allow=\"accelerometer; autoplay; clipboard-write; encrypted-media; gyroscope; picture-in-picture; web-share\" referrerpolicy=\"strict-origin-when-cross-origin\" allowfullscreen><\/iframe>\n<\/div><\/figure>\n\n\n<pre class=\"hidden\">h2text-whiteh2<\/pre>\n\n    <article class=\"relative block w-full h-auto overflow-hidden box-border pl-0 pr-0\">\n                            <figure class=\"w-full h-full relative\">\n                \n                <img decoding=\"async\" class=\"hidden md:block w-full\" src=\"https:\/\/d31hw89ycmfplm.cloudfront.net\/2023\/06\/Manifesto-Ambassadors.png\" alt=\"\">\n                \n                            <\/figure>\n                        <button class=\"-js-banner-btn absolute md:hidden w-[70px] bottom-4 left-[calc(50%-35px)] animate-bounce\">\n            <svg width=\"70\" height=\"70\" viewBox=\"0 0 70 70\" fill=\"none\" xmlns=\"http:\/\/www.w3.org\/2000\/svg\"><g filter=\"url(#filter0_i_3_226)\"><circle cx=\"35\" cy=\"35\" r=\"35\" fill=\"black\" fill-opacity=\"0.32\"\/><\/g><path d=\"M55 31L34 47L13 31\" stroke=\"white\" stroke-width=\"4\" stroke-linecap=\"round\" stroke-linejoin=\"round\"\/><defs><filter id=\"filter0_i_3_226\" x=\"0\" y=\"0\" width=\"70\" height=\"74\" filterUnits=\"userSpaceOnUse\" color-interpolation-filters=\"sRGB\"><feFlood flood-opacity=\"0\" result=\"BackgroundImageFix\"\/><feBlend mode=\"normal\" in=\"SourceGraphic\" in2=\"BackgroundImageFix\" result=\"shape\"\/><feColorMatrix in=\"SourceAlpha\" type=\"matrix\" values=\"0 0 0 0 0 0 0 0 0 0 0 0 0 0 0 0 0 0 127 0\" result=\"hardAlpha\"\/><feOffset dy=\"4\"\/><feGaussianBlur stdDeviation=\"3.5\"\/><feComposite in2=\"hardAlpha\" operator=\"arithmetic\" k2=\"-1\" k3=\"1\"\/><feColorMatrix type=\"matrix\" values=\"0 0 0 0 0 0 0 0 0 0 0 0 0 0 0 0 0 0 0.25 0\"\/><feBlend mode=\"normal\" in2=\"shape\" result=\"effect1_innerShadow_3_226\"\/><\/filter><\/defs><\/svg>        <\/button>\n    <\/article>\n","protected":false},"excerpt":{"rendered":"CONOZCA EL PROGRAMA AMBASSADORS S.I.N. Ambassadors S.I.N. es una red exclusiva de dentistas e investigadores dedicados a la innovaci\u00f3n y excelencia en Odontolog\u00eda. Con el objetivo de construir una comunidad de expertos de renombre, los Ambassadors S.I.N. representan la esencia de la autoridad y dominio en Implantolog\u00eda, Ciencia, Soluciones Digitales y Sonrisas. La base de [&hellip;]","protected":false},"author":3,"featured_media":0,"parent":0,"menu_order":0,"comment_status":"closed","ping_status":"closed","template":"","meta":{"_acf_changed":false,"inline_featured_image":false,"footnotes":""},"class_list":["post-10185","page","type-page","status-publish","hentry"],"acf":[],"yoast_head":"<!-- This site is optimized with the Yoast SEO plugin v27.4 - https:\/\/yoast.com\/product\/yoast-seo-wordpress\/ -->\n<title>Ambassadors - S.I.N. | Soluciones + Innovaciones = Nuevas Sonrisas<\/title>\n<meta name=\"robots\" content=\"index, follow, max-snippet:-1, max-image-preview:large, max-video-preview:-1\" \/>\n<link rel=\"canonical\" href=\"https:\/\/www.sinimplantsystem.com\/es\/wp-json\/wp\/v2\/pages\/10185\/\" \/>\n<meta property=\"og:locale\" content=\"es_ES\" \/>\n<meta property=\"og:type\" content=\"article\" \/>\n<meta property=\"og:title\" content=\"Ambassadors - S.I.N. | Soluciones + Innovaciones = Nuevas Sonrisas\" \/>\n<meta property=\"og:description\" content=\"CONOZCA EL PROGRAMA AMBASSADORS S.I.N. Ambassadors S.I.N. es una red exclusiva de dentistas e investigadores dedicados a la innovaci\u00f3n y excelencia en Odontolog\u00eda. Con el objetivo de construir una comunidad de expertos de renombre, los Ambassadors S.I.N. representan la esencia de la autoridad y dominio en Implantolog\u00eda, Ciencia, Soluciones Digitales y Sonrisas. La base de [&hellip;]\" \/>\n<meta property=\"og:url\" content=\"https:\/\/www.sinimplantsystem.com\/es\/ambassadors\/\" \/>\n<meta property=\"og:site_name\" content=\"S.I.N. | Soluciones + Innovaciones = Nuevas Sonrisas\" \/>\n<meta property=\"article:modified_time\" content=\"2024-09-25T14:49:12+00:00\" \/>\n<meta property=\"og:image\" content=\"https:\/\/sin2022.s3.us-west-2.amazonaws.com\/sites\/4\/2024\/09\/SAIBA-MAIS-5-1024x192.png\" \/>\n<meta name=\"twitter:card\" content=\"summary_large_image\" \/>\n<meta name=\"twitter:label1\" content=\"Tiempo de lectura\" \/>\n\t<meta name=\"twitter:data1\" content=\"2 minutos\" \/>\n<script type=\"application\/ld+json\" class=\"yoast-schema-graph\">{\"@context\":\"https:\\\/\\\/schema.org\",\"@graph\":[{\"@type\":\"WebPage\",\"@id\":\"https:\\\/\\\/www.sinimplantsystem.com\\\/es\\\/ambassadors\\\/\",\"url\":\"https:\\\/\\\/www.sinimplantsystem.com\\\/es\\\/ambassadors\\\/\",\"name\":\"Ambassadors - S.I.N. | Soluciones + Innovaciones = Nuevas Sonrisas\",\"isPartOf\":{\"@id\":\"https:\\\/\\\/www.sinimplantsystem.com\\\/es\\\/#website\"},\"primaryImageOfPage\":{\"@id\":\"https:\\\/\\\/www.sinimplantsystem.com\\\/es\\\/ambassadors\\\/#primaryimage\"},\"image\":{\"@id\":\"https:\\\/\\\/www.sinimplantsystem.com\\\/es\\\/ambassadors\\\/#primaryimage\"},\"thumbnailUrl\":\"https:\\\/\\\/sin2022.s3.us-west-2.amazonaws.com\\\/sites\\\/4\\\/2024\\\/09\\\/SAIBA-MAIS-5-1024x192.png\",\"datePublished\":\"2023-01-10T16:52:19+00:00\",\"dateModified\":\"2024-09-25T14:49:12+00:00\",\"breadcrumb\":{\"@id\":\"https:\\\/\\\/www.sinimplantsystem.com\\\/es\\\/ambassadors\\\/#breadcrumb\"},\"inLanguage\":\"es\",\"potentialAction\":[{\"@type\":\"ReadAction\",\"target\":[\"https:\\\/\\\/www.sinimplantsystem.com\\\/es\\\/ambassadors\\\/\"]}]},{\"@type\":\"ImageObject\",\"inLanguage\":\"es\",\"@id\":\"https:\\\/\\\/www.sinimplantsystem.com\\\/es\\\/ambassadors\\\/#primaryimage\",\"url\":\"https:\\\/\\\/sin2022.s3.us-west-2.amazonaws.com\\\/sites\\\/4\\\/2024\\\/09\\\/SAIBA-MAIS-5-1024x192.png\",\"contentUrl\":\"https:\\\/\\\/sin2022.s3.us-west-2.amazonaws.com\\\/sites\\\/4\\\/2024\\\/09\\\/SAIBA-MAIS-5-1024x192.png\"},{\"@type\":\"BreadcrumbList\",\"@id\":\"https:\\\/\\\/www.sinimplantsystem.com\\\/es\\\/ambassadors\\\/#breadcrumb\",\"itemListElement\":[{\"@type\":\"ListItem\",\"position\":1,\"name\":\"Home\",\"item\":\"https:\\\/\\\/www.sinimplantsystem.com\\\/es\\\/\"},{\"@type\":\"ListItem\",\"position\":2,\"name\":\"Ambassadors\"}]},{\"@type\":\"WebSite\",\"@id\":\"https:\\\/\\\/www.sinimplantsystem.com\\\/es\\\/#website\",\"url\":\"https:\\\/\\\/www.sinimplantsystem.com\\\/es\\\/\",\"name\":\"S.I.N. | Soluciones + Innovaciones = Nuevas Sonrisas\",\"description\":\"\",\"potentialAction\":[{\"@type\":\"SearchAction\",\"target\":{\"@type\":\"EntryPoint\",\"urlTemplate\":\"https:\\\/\\\/www.sinimplantsystem.com\\\/es\\\/?s={search_term_string}\"},\"query-input\":{\"@type\":\"PropertyValueSpecification\",\"valueRequired\":true,\"valueName\":\"search_term_string\"}}],\"inLanguage\":\"es\"}]}<\/script>\n<!-- \/ Yoast SEO plugin. -->","yoast_head_json":{"title":"Ambassadors - S.I.N. | Soluciones + Innovaciones = Nuevas Sonrisas","robots":{"index":"index","follow":"follow","max-snippet":"max-snippet:-1","max-image-preview":"max-image-preview:large","max-video-preview":"max-video-preview:-1"},"canonical":"https:\/\/www.sinimplantsystem.com\/es\/wp-json\/wp\/v2\/pages\/10185\/","og_locale":"es_ES","og_type":"article","og_title":"Ambassadors - S.I.N. | Soluciones + Innovaciones = Nuevas Sonrisas","og_description":"CONOZCA EL PROGRAMA AMBASSADORS S.I.N. Ambassadors S.I.N. es una red exclusiva de dentistas e investigadores dedicados a la innovaci\u00f3n y excelencia en Odontolog\u00eda. Con el objetivo de construir una comunidad de expertos de renombre, los Ambassadors S.I.N. representan la esencia de la autoridad y dominio en Implantolog\u00eda, Ciencia, Soluciones Digitales y Sonrisas. La base de [&hellip;]","og_url":"https:\/\/www.sinimplantsystem.com\/es\/ambassadors\/","og_site_name":"S.I.N. | Soluciones + Innovaciones = Nuevas Sonrisas","article_modified_time":"2024-09-25T14:49:12+00:00","og_image":[{"url":"https:\/\/sin2022.s3.us-west-2.amazonaws.com\/sites\/4\/2024\/09\/SAIBA-MAIS-5-1024x192.png","type":"","width":"","height":""}],"twitter_card":"summary_large_image","twitter_misc":{"Tiempo de lectura":"2 minutos"},"schema":{"@context":"https:\/\/schema.org","@graph":[{"@type":"WebPage","@id":"https:\/\/www.sinimplantsystem.com\/es\/ambassadors\/","url":"https:\/\/www.sinimplantsystem.com\/es\/ambassadors\/","name":"Ambassadors - S.I.N. | Soluciones + Innovaciones = Nuevas Sonrisas","isPartOf":{"@id":"https:\/\/www.sinimplantsystem.com\/es\/#website"},"primaryImageOfPage":{"@id":"https:\/\/www.sinimplantsystem.com\/es\/ambassadors\/#primaryimage"},"image":{"@id":"https:\/\/www.sinimplantsystem.com\/es\/ambassadors\/#primaryimage"},"thumbnailUrl":"https:\/\/sin2022.s3.us-west-2.amazonaws.com\/sites\/4\/2024\/09\/SAIBA-MAIS-5-1024x192.png","datePublished":"2023-01-10T16:52:19+00:00","dateModified":"2024-09-25T14:49:12+00:00","breadcrumb":{"@id":"https:\/\/www.sinimplantsystem.com\/es\/ambassadors\/#breadcrumb"},"inLanguage":"es","potentialAction":[{"@type":"ReadAction","target":["https:\/\/www.sinimplantsystem.com\/es\/ambassadors\/"]}]},{"@type":"ImageObject","inLanguage":"es","@id":"https:\/\/www.sinimplantsystem.com\/es\/ambassadors\/#primaryimage","url":"https:\/\/sin2022.s3.us-west-2.amazonaws.com\/sites\/4\/2024\/09\/SAIBA-MAIS-5-1024x192.png","contentUrl":"https:\/\/sin2022.s3.us-west-2.amazonaws.com\/sites\/4\/2024\/09\/SAIBA-MAIS-5-1024x192.png"},{"@type":"BreadcrumbList","@id":"https:\/\/www.sinimplantsystem.com\/es\/ambassadors\/#breadcrumb","itemListElement":[{"@type":"ListItem","position":1,"name":"Home","item":"https:\/\/www.sinimplantsystem.com\/es\/"},{"@type":"ListItem","position":2,"name":"Ambassadors"}]},{"@type":"WebSite","@id":"https:\/\/www.sinimplantsystem.com\/es\/#website","url":"https:\/\/www.sinimplantsystem.com\/es\/","name":"S.I.N. | Soluciones + Innovaciones = Nuevas Sonrisas","description":"","potentialAction":[{"@type":"SearchAction","target":{"@type":"EntryPoint","urlTemplate":"https:\/\/www.sinimplantsystem.com\/es\/?s={search_term_string}"},"query-input":{"@type":"PropertyValueSpecification","valueRequired":true,"valueName":"search_term_string"}}],"inLanguage":"es"}]}},"_links":{"self":[{"href":"https:\/\/www.sinimplantsystem.com\/es\/wp-json\/wp\/v2\/pages\/10185","targetHints":{"allow":["GET"]}}],"collection":[{"href":"https:\/\/www.sinimplantsystem.com\/es\/wp-json\/wp\/v2\/pages"}],"about":[{"href":"https:\/\/www.sinimplantsystem.com\/es\/wp-json\/wp\/v2\/types\/page"}],"author":[{"embeddable":true,"href":"https:\/\/www.sinimplantsystem.com\/es\/wp-json\/wp\/v2\/users\/3"}],"replies":[{"embeddable":true,"href":"https:\/\/www.sinimplantsystem.com\/es\/wp-json\/wp\/v2\/comments?post=10185"}],"version-history":[{"count":16,"href":"https:\/\/www.sinimplantsystem.com\/es\/wp-json\/wp\/v2\/pages\/10185\/revisions"}],"predecessor-version":[{"id":26428,"href":"https:\/\/www.sinimplantsystem.com\/es\/wp-json\/wp\/v2\/pages\/10185\/revisions\/26428"}],"wp:attachment":[{"href":"https:\/\/www.sinimplantsystem.com\/es\/wp-json\/wp\/v2\/media?parent=10185"}],"curies":[{"name":"wp","href":"https:\/\/api.w.org\/{rel}","templated":true}]}}